{"id":3242,"date":"2024-12-13T15:20:40","date_gmt":"2024-12-13T14:20:40","guid":{"rendered":"https:\/\/staging.dekada.hr\/?page_id=3242"},"modified":"2025-02-27T13:28:04","modified_gmt":"2025-02-27T12:28:04","slug":"bewerbungen","status":"publish","type":"page","link":"https:\/\/staging.dekada.hr\/de\/o-nama-za-zaposlenike\/prijave-za-posao\/","title":{"rendered":"Bewerbungen"},"content":{"rendered":"\t\t<div data-elementor-type=\"wp-page\" data-elementor-id=\"3242\" class=\"elementor elementor-3242\" data-elementor-post-type=\"page\">\n\t\t\t\t\t\t<section class=\"elementor-section elementor-top-section elementor-element elementor-element-bd1b5b1 elementor-section-boxed elementor-section-height-default elementor-section-height-default\" data-id=\"bd1b5b1\" data-element_type=\"section\" data-e-type=\"section\">\n\t\t\t\t\t\t<div class=\"elementor-container elementor-column-gap-default\">\n\t\t\t\t\t<div class=\"elementor-column elementor-col-100 elementor-top-column elementor-element elementor-element-9da94f1\" data-id=\"9da94f1\" data-element_type=\"column\" data-e-type=\"column\">\n\t\t\t<div class=\"elementor-widget-wrap elementor-element-populated\">\n\t\t\t\t\t\t<div class=\"elementor-element elementor-element-5d98e77 elementor-button-align-stretch elementor-widget elementor-widget-form\" data-id=\"5d98e77\" data-element_type=\"widget\" data-e-type=\"widget\" data-settings=\"{&quot;step_next_label&quot;:&quot;Next&quot;,&quot;step_previous_label&quot;:&quot;Previous&quot;,&quot;button_width&quot;:&quot;100&quot;,&quot;step_type&quot;:&quot;number_text&quot;,&quot;step_icon_shape&quot;:&quot;circle&quot;}\" data-widget_type=\"form.default\">\n\t\t\t\t<div class=\"elementor-widget-container\">\n\t\t\t\t\t\t\t<form class=\"elementor-form\" method=\"post\" name=\"Prijava za posao\" aria-label=\"Prijava za posao\">\n\t\t\t<input type=\"hidden\" name=\"post_id\" value=\"3242\"\/>\n\t\t\t<input type=\"hidden\" name=\"form_id\" value=\"5d98e77\"\/>\n\t\t\t<input type=\"hidden\" name=\"referer_title\" value=\"Prijave za posao\" \/>\n\n\t\t\t\t\t\t\t<input type=\"hidden\" name=\"queried_id\" value=\"3242\"\/>\n\t\t\t\n\t\t\t<div class=\"elementor-form-fields-wrapper elementor-labels-above\">\n\t\t\t\t\t\t\t\t<div class=\"elementor-field-type-text elementor-field-group elementor-column elementor-field-group-name elementor-col-100 elementor-field-required elementor-mark-required\">\n\t\t\t\t\t\t\t\t\t\t\t\t<label for=\"form-field-name\" class=\"elementor-field-label\">\n\t\t\t\t\t\t\t\tIme i prezime\t\t\t\t\t\t\t<\/label>\n\t\t\t\t\t\t\t\t\t\t\t\t\t\t<input size=\"1\" type=\"text\" name=\"form_fields[name]\" id=\"form-field-name\" class=\"elementor-field elementor-size-sm  elementor-field-textual\" placeholder=\"Ime i prezime\" required=\"required\">\n\t\t\t\t\t\t\t\t\t\t\t<\/div>\n\t\t\t\t\t\t\t\t<div class=\"elementor-field-type-email elementor-field-group elementor-column elementor-field-group-email elementor-col-100 elementor-field-required elementor-mark-required\">\n\t\t\t\t\t\t\t\t\t\t\t\t<label for=\"form-field-email\" class=\"elementor-field-label\">\n\t\t\t\t\t\t\t\tEmail\t\t\t\t\t\t\t<\/label>\n\t\t\t\t\t\t\t\t\t\t\t\t\t\t<input size=\"1\" type=\"email\" name=\"form_fields[email]\" id=\"form-field-email\" class=\"elementor-field elementor-size-sm  elementor-field-textual\" placeholder=\"Email\" required=\"required\">\n\t\t\t\t\t\t\t\t\t\t\t<\/div>\n\t\t\t\t\t\t\t\t<div class=\"elementor-field-type-tel elementor-field-group elementor-column elementor-field-group-field_05f9743 elementor-col-100 elementor-field-required elementor-mark-required\">\n\t\t\t\t\t\t\t\t\t\t\t\t<label for=\"form-field-field_05f9743\" class=\"elementor-field-label\">\n\t\t\t\t\t\t\t\tBroj telefona\t\t\t\t\t\t\t<\/label>\n\t\t\t\t\t\t\t\t<input size=\"1\" type=\"tel\" name=\"form_fields[field_05f9743]\" id=\"form-field-field_05f9743\" class=\"elementor-field elementor-size-sm  elementor-field-textual\" placeholder=\"Broj telefona\" required=\"required\" pattern=\"[0-9()#&amp;+*-=.]+\" title=\"Prihva\u0107aju se samo brojevi i telefonski znakovi (#, -, * itd.).\">\n\n\t\t\t\t\t\t<\/div>\n\t\t\t\t\t\t\t\t<div class=\"elementor-field-type-radio elementor-field-group elementor-column elementor-field-group-message elementor-col-100 elementor-field-required elementor-mark-required\">\n\t\t\t\t\t\t\t\t\t\t\t\t<label for=\"form-field-message\" class=\"elementor-field-label\">\n\t\t\t\t\t\t\t\tRazina znanja njema\u010dkog jezika\t\t\t\t\t\t\t<\/label>\n\t\t\t\t\t\t<div class=\"elementor-field-subgroup  \"><span class=\"elementor-field-option\"><input type=\"radio\" value=\"A1\" id=\"form-field-message-0\" name=\"form_fields[message]\" required=\"required\"> <label for=\"form-field-message-0\">A1<\/label><\/span><span class=\"elementor-field-option\"><input type=\"radio\" value=\"A2\" id=\"form-field-message-1\" name=\"form_fields[message]\" required=\"required\"> <label for=\"form-field-message-1\">A2<\/label><\/span><span class=\"elementor-field-option\"><input type=\"radio\" value=\"B1\" id=\"form-field-message-2\" name=\"form_fields[message]\" required=\"required\"> <label for=\"form-field-message-2\">B1<\/label><\/span><span class=\"elementor-field-option\"><input type=\"radio\" value=\"B2\" id=\"form-field-message-3\" name=\"form_fields[message]\" required=\"required\"> <label for=\"form-field-message-3\">B2<\/label><\/span><span class=\"elementor-field-option\"><input type=\"radio\" value=\"C1\" id=\"form-field-message-4\" name=\"form_fields[message]\" required=\"required\"> <label for=\"form-field-message-4\">C1<\/label><\/span><span class=\"elementor-field-option\"><input type=\"radio\" value=\"C2\" id=\"form-field-message-5\" name=\"form_fields[message]\" required=\"required\"> <label for=\"form-field-message-5\">C2<\/label><\/span><\/div>\t\t\t\t<\/div>\n\t\t\t\t\t\t\t\t<div class=\"elementor-field-type-upload elementor-field-group elementor-column elementor-field-group-field_683e19e elementor-col-100 elementor-field-required elementor-mark-required\">\n\t\t\t\t\t\t\t\t\t\t\t\t<label for=\"form-field-field_683e19e\" class=\"elementor-field-label\">\n\t\t\t\t\t\t\t\tPrivitak - \u017eivotopisi, molbe, preporuke (prihva\u0107amo samo .pdf, .doc, .docx datoteke)\t\t\t\t\t\t\t<\/label>\n\t\t\t\t\t\t\t\t<input type=\"file\" name=\"form_fields[field_683e19e][]\" id=\"form-field-field_683e19e\" class=\"elementor-field elementor-size-sm  elementor-upload-field\" required=\"required\" multiple=\"multiple\" data-maxsize=\"5\" data-maxsize-message=\"Ova datoteka prema\u0161uje najve\u0107u dopu\u0161tenu veli\u010dinu.\">\n\n\t\t\t\t\t\t<\/div>\n\t\t\t\t\t\t\t\t<div class=\"elementor-field-type-text elementor-field-group elementor-column elementor-field-group-field_a5a34ff elementor-col-100\">\n\t\t\t\t\t\t\t\t\t\t\t\t<label for=\"form-field-field_a5a34ff\" class=\"elementor-field-label\">\n\t\t\t\t\t\t\t\tDodatne informacije:\t\t\t\t\t\t\t<\/label>\n\t\t\t\t\t\t\t\t\t\t\t\t\t\t<input size=\"1\" type=\"text\" name=\"form_fields[field_a5a34ff]\" id=\"form-field-field_a5a34ff\" class=\"elementor-field elementor-size-sm  elementor-field-textual\" placeholder=\"Ukoliko \u017eelite, unesite dodatne informacije.\">\n\t\t\t\t\t\t\t\t\t\t\t<\/div>\n\t\t\t\t\t\t\t\t<div class=\"elementor-field-type-acceptance elementor-field-group elementor-column elementor-field-group-field_347e116 elementor-col-100 elementor-field-required elementor-mark-required\">\n\t\t\t\t\t\t\t\t\t\t\t\t<label for=\"form-field-field_347e116\" class=\"elementor-field-label\">\n\t\t\t\t\t\t\t\tSuglasnost za obradu podataka\t\t\t\t\t\t\t<\/label>\n\t\t\t\t\t\t\t\t<div class=\"elementor-field-subgroup\">\n\t\t\t<span class=\"elementor-field-option\">\n\t\t\t\t<input type=\"checkbox\" name=\"form_fields[field_347e116]\" id=\"form-field-field_347e116\" class=\"elementor-field elementor-size-sm  elementor-acceptance-field\" required=\"required\">\n\t\t\t\t<label for=\"form-field-field_347e116\">Dajem slobodnu i izri\u010ditu privolu dru\u0161tvu DEKADA KOMUNIKACIJE d.o.o. za prikupljanje i daljnju obradu mojih osobnih podataka.<\/label>\t\t\t<\/span>\n\t\t<\/div>\n\t\t\t\t\t\t<\/div>\n\t\t\t\t\t\t\t\t<div class=\"elementor-field-group elementor-column elementor-field-type-submit elementor-col-100 e-form__buttons\">\n\t\t\t\t\t<button class=\"elementor-button elementor-size-sm\" type=\"submit\">\n\t\t\t\t\t\t<span class=\"elementor-button-content-wrapper\">\n\t\t\t\t\t\t\t\t\t\t\t\t\t\t\t<span class=\"elementor-button-icon\">\n\t\t\t\t\t\t\t\t\t<i aria-hidden=\"true\" class=\"fas fa-arrow-circle-up\"><\/i>\t\t\t\t\t\t\t\t\t\t\t\t\t\t\t\t\t<\/span>\n\t\t\t\t\t\t\t\t\t\t\t\t\t\t\t\t\t\t\t\t\t\t<span class=\"elementor-button-text\">Po\u0161alji prijavu<\/span>\n\t\t\t\t\t\t\t\t\t\t\t\t\t<\/span>\n\t\t\t\t\t<\/button>\n\t\t\t\t<\/div>\n\t\t\t<\/div>\n\t\t<\/form>\n\t\t\t\t\t\t<\/div>\n\t\t\t\t<\/div>\n\t\t\t\t\t<\/div>\n\t\t<\/div>\n\t\t\t\t\t<\/div>\n\t\t<\/section>\n\t\t\t\t<\/div>\n\t\t","protected":false},"excerpt":{"rendered":"","protected":false},"author":1,"featured_media":0,"parent":3161,"menu_order":0,"comment_status":"closed","ping_status":"closed","template":"","meta":{"footnotes":""},"class_list":["post-3242","page","type-page","status-publish","hentry"],"_links":{"self":[{"href":"https:\/\/staging.dekada.hr\/de\/wp-json\/wp\/v2\/pages\/3242","targetHints":{"allow":["GET"]}}],"collection":[{"href":"https:\/\/staging.dekada.hr\/de\/wp-json\/wp\/v2\/pages"}],"about":[{"href":"https:\/\/staging.dekada.hr\/de\/wp-json\/wp\/v2\/types\/page"}],"author":[{"embeddable":true,"href":"https:\/\/staging.dekada.hr\/de\/wp-json\/wp\/v2\/users\/1"}],"replies":[{"embeddable":true,"href":"https:\/\/staging.dekada.hr\/de\/wp-json\/wp\/v2\/comments?post=3242"}],"version-history":[{"count":0,"href":"https:\/\/staging.dekada.hr\/de\/wp-json\/wp\/v2\/pages\/3242\/revisions"}],"up":[{"embeddable":true,"href":"https:\/\/staging.dekada.hr\/de\/wp-json\/wp\/v2\/pages\/3161"}],"wp:attachment":[{"href":"https:\/\/staging.dekada.hr\/de\/wp-json\/wp\/v2\/media?parent=3242"}],"curies":[{"name":"wp","href":"https:\/\/api.w.org\/{rel}","templated":true}]}}