{"id":247,"date":"2020-03-03T19:08:46","date_gmt":"2020-03-03T18:08:46","guid":{"rendered":"http:\/\/test.dekada.hr\/?page_id=247"},"modified":"2025-01-31T12:04:43","modified_gmt":"2025-01-31T11:04:43","slug":"jobs","status":"publish","type":"page","link":"https:\/\/staging.dekada.hr\/en\/radna-mjesta\/","title":{"rendered":"Vacancies"},"content":{"rendered":"<div data-elementor-type=\"wp-page\" data-elementor-id=\"247\" class=\"elementor elementor-247\" data-elementor-post-type=\"page\">\n\t\t\t\t\t\t<section class=\"elementor-section elementor-top-section elementor-element elementor-element-379e253 elementor-section-boxed elementor-section-height-default elementor-section-height-default\" data-id=\"379e253\" data-element_type=\"section\" data-e-type=\"section\" data-settings=\"{&quot;background_background&quot;:&quot;gradient&quot;}\">\n\t\t\t\t\t\t<div class=\"elementor-container elementor-column-gap-default\">\n\t\t\t\t\t<div class=\"elementor-column elementor-col-100 elementor-top-column elementor-element elementor-element-7e15dcb\" data-id=\"7e15dcb\" data-element_type=\"column\" data-e-type=\"column\">\n\t\t\t<div class=\"elementor-widget-wrap elementor-element-populated\">\n\t\t\t\t\t\t<div class=\"elementor-element elementor-element-7e80126 elementor-widget elementor-widget-heading\" data-id=\"7e80126\" data-element_type=\"widget\" data-e-type=\"widget\" data-widget_type=\"heading.default\">\n\t\t\t\t<div class=\"elementor-widget-container\">\n\t\t\t\t\t<h1 class=\"elementor-heading-title elementor-size-default\">Vacancies<\/h1>\t\t\t\t<\/div>\n\t\t\t\t<\/div>\n\t\t\t\t<div class=\"elementor-element elementor-element-5b480be elementor-grid-2 elementor-posts--thumbnail-none elementor-posts--align-center elementor-grid-tablet-2 elementor-grid-mobile-1 elementor-card-shadow-yes elementor-posts__hover-gradient elementor-widget elementor-widget-posts\" data-id=\"5b480be\" data-element_type=\"widget\" data-e-type=\"widget\" data-settings=\"{&quot;cards_columns&quot;:&quot;2&quot;,&quot;cards_columns_tablet&quot;:&quot;2&quot;,&quot;cards_columns_mobile&quot;:&quot;1&quot;,&quot;cards_row_gap&quot;:{&quot;unit&quot;:&quot;px&quot;,&quot;size&quot;:35,&quot;sizes&quot;:[]},&quot;cards_row_gap_tablet&quot;:{&quot;unit&quot;:&quot;px&quot;,&quot;size&quot;:&quot;&quot;,&quot;sizes&quot;:[]},&quot;cards_row_gap_mobile&quot;:{&quot;unit&quot;:&quot;px&quot;,&quot;size&quot;:&quot;&quot;,&quot;sizes&quot;:[]}}\" data-widget_type=\"posts.cards\">\n\t\t\t\t<div class=\"elementor-widget-container\">\n\t\t\t\t\t\t\t<div class=\"elementor-posts-container elementor-posts elementor-posts--skin-cards elementor-grid\" role=\"list\">\n\t\t\t\t<article class=\"elementor-post elementor-grid-item post-3577 post type-post status-publish format-standard has-post-thumbnail hentry category-radna-mjesta tag-korisnicka-podrska tag-oglas-za-posao tag-prodaja tag-remote\" role=\"listitem\">\n\t\t\t<div class=\"elementor-post__card\">\n\t\t\t\t<div class=\"elementor-post__text\">\n\t\t\t\t<h2 class=\"elementor-post__title\">\n\t\t\t<a href=\"https:\/\/staging.dekada.hr\/en\/agent-korisnicke-podrske-s-prodajnim-zadacima\/\" >\n\t\t\t\tCustomer support agent with sales tasks\t\t\t<\/a>\n\t\t<\/h2>\n\t\t\n\t\t<a class=\"elementor-post__read-more\" href=\"https:\/\/staging.dekada.hr\/en\/agent-korisnicke-podrske-s-prodajnim-zadacima\/\" aria-label=\"Read more about Agent korisni\u010dke podr\u0161ke s prodajnim zadacima\" tabindex=\"-1\" >\n\t\t\tFind out more\t\t<\/a>\n\n\t\t\t\t<\/div>\n\t\t\t\t\t<\/div>\n\t\t<\/article>\n\t\t\t\t<article class=\"elementor-post elementor-grid-item post-3570 post type-post status-publish format-standard has-post-thumbnail hentry category-radna-mjesta tag-dostava tag-korisnicka-podrska tag-logistika tag-oglas-za-posao tag-remote\" role=\"listitem\">\n\t\t\t<div class=\"elementor-post__card\">\n\t\t\t\t<div class=\"elementor-post__text\">\n\t\t\t\t<h2 class=\"elementor-post__title\">\n\t\t\t<a href=\"https:\/\/staging.dekada.hr\/en\/agent-korisnicke-podrske-za-logistiku-i-dostavu\/\" >\n\t\t\t\tCustomer support agent for logistics and delivery\t\t\t<\/a>\n\t\t<\/h2>\n\t\t\n\t\t<a class=\"elementor-post__read-more\" href=\"https:\/\/staging.dekada.hr\/en\/agent-korisnicke-podrske-za-logistiku-i-dostavu\/\" aria-label=\"Read more about Agent korisni\u010dke podr\u0161ke za logistiku i dostavu\" tabindex=\"-1\" >\n\t\t\tFind out more\t\t<\/a>\n\n\t\t\t\t<\/div>\n\t\t\t\t\t<\/div>\n\t\t<\/article>\n\t\t\t\t<article class=\"elementor-post elementor-grid-item post-3553 post type-post status-publish format-standard hentry category-radna-mjesta tag-korisnicka-podrska tag-obrada-narudzbi tag-oglas-za-posao tag-remote\" role=\"listitem\">\n\t\t\t<div class=\"elementor-post__card\">\n\t\t\t\t<div class=\"elementor-post__text\">\n\t\t\t\t<h2 class=\"elementor-post__title\">\n\t\t\t<a href=\"https:\/\/staging.dekada.hr\/en\/agent-korisnicke-podrske-za-obradu-narudzbi\/\" >\n\t\t\t\tCustomer support agent for order processing\t\t\t<\/a>\n\t\t<\/h2>\n\t\t\n\t\t<a class=\"elementor-post__read-more\" href=\"https:\/\/staging.dekada.hr\/en\/agent-korisnicke-podrske-za-obradu-narudzbi\/\" aria-label=\"Read more about Agent korisni\u010dke podr\u0161ke za obradu narud\u017ebi\" tabindex=\"-1\" >\n\t\t\tFind out more\t\t<\/a>\n\n\t\t\t\t<\/div>\n\t\t\t\t\t<\/div>\n\t\t<\/article>\n\t\t\t\t<article class=\"elementor-post elementor-grid-item post-3544 post type-post status-publish format-standard hentry category-radna-mjesta tag-e-mobilnost tag-korisnicka-podrska tag-oglas-za-posao tag-remote\" role=\"listitem\">\n\t\t\t<div class=\"elementor-post__card\">\n\t\t\t\t<div class=\"elementor-post__text\">\n\t\t\t\t<h2 class=\"elementor-post__title\">\n\t\t\t<a href=\"https:\/\/staging.dekada.hr\/en\/agent-korisnicke-podrske-za-e-mobilnost\/\" >\n\t\t\t\tCustomer support agent for e-mobility\t\t\t<\/a>\n\t\t<\/h2>\n\t\t\n\t\t<a class=\"elementor-post__read-more\" href=\"https:\/\/staging.dekada.hr\/en\/agent-korisnicke-podrske-za-e-mobilnost\/\" aria-label=\"Read more about Agent korisni\u010dke podr\u0161ke za e-mobilnost\" tabindex=\"-1\" >\n\t\t\tFind out more\t\t<\/a>\n\n\t\t\t\t<\/div>\n\t\t\t\t\t<\/div>\n\t\t<\/article>\n\t\t\t\t<\/div>\n\t\t\n\t\t\t\t\t\t<\/div>\n\t\t\t\t<\/div>\n\t\t\t\t\t<\/div>\n\t\t<\/div>\n\t\t\t\t\t<\/div>\n\t\t<\/section>\n\t\t\t\t<\/div>","protected":false},"excerpt":{"rendered":"<p>Vacancies<\/p>","protected":false},"author":1,"featured_media":0,"parent":0,"menu_order":4,"comment_status":"closed","ping_status":"closed","template":"elementor_header_footer","meta":{"footnotes":""},"class_list":["post-247","page","type-page","status-publish","hentry"],"_links":{"self":[{"href":"https:\/\/staging.dekada.hr\/en\/wp-json\/wp\/v2\/pages\/247","targetHints":{"allow":["GET"]}}],"collection":[{"href":"https:\/\/staging.dekada.hr\/en\/wp-json\/wp\/v2\/pages"}],"about":[{"href":"https:\/\/staging.dekada.hr\/en\/wp-json\/wp\/v2\/types\/page"}],"author":[{"embeddable":true,"href":"https:\/\/staging.dekada.hr\/en\/wp-json\/wp\/v2\/users\/1"}],"replies":[{"embeddable":true,"href":"https:\/\/staging.dekada.hr\/en\/wp-json\/wp\/v2\/comments?post=247"}],"version-history":[{"count":0,"href":"https:\/\/staging.dekada.hr\/en\/wp-json\/wp\/v2\/pages\/247\/revisions"}],"wp:attachment":[{"href":"https:\/\/staging.dekada.hr\/en\/wp-json\/wp\/v2\/media?parent=247"}],"curies":[{"name":"wp","href":"https:\/\/api.w.org\/{rel}","templated":true}]}}