{"id":2868,"date":"2024-05-08T09:52:30","date_gmt":"2024-05-08T07:52:30","guid":{"rendered":"https:\/\/staging.dekada.hr\/?page_id=2868"},"modified":"2024-12-19T15:24:01","modified_gmt":"2024-12-19T14:24:01","slug":"quality-and-environmental-management-policy","status":"publish","type":"page","link":"https:\/\/staging.dekada.hr\/en\/o-nama-za-partnere\/politika-upravljanja-kvalitetom-i-okolisem\/","title":{"rendered":"Quality and Environmental Management Policy"},"content":{"rendered":"<div data-elementor-type=\"wp-page\" data-elementor-id=\"2868\" class=\"elementor elementor-2868\" data-elementor-post-type=\"page\">\n\t\t\t\t\t\t<section class=\"elementor-section elementor-top-section elementor-element elementor-element-5589894 elementor-section-boxed elementor-section-height-default elementor-section-height-default\" data-id=\"5589894\" data-element_type=\"section\" data-e-type=\"section\">\n\t\t\t\t\t\t<div class=\"elementor-container elementor-column-gap-default\">\n\t\t\t\t\t<div class=\"elementor-column elementor-col-100 elementor-top-column elementor-element elementor-element-adbaad3\" data-id=\"adbaad3\" data-element_type=\"column\" data-e-type=\"column\">\n\t\t\t<div class=\"elementor-widget-wrap elementor-element-populated\">\n\t\t\t\t\t\t<div class=\"elementor-element elementor-element-5ce1a82 elementor-widget__width-initial elementor-widget elementor-widget-text-editor\" data-id=\"5ce1a82\" data-element_type=\"widget\" data-e-type=\"widget\" data-widget_type=\"text-editor.default\">\n\t\t\t\t<div class=\"elementor-widget-container\">\n\t\t\t\t\t\t\t\t\t<p>The activity of a contact center encompasses providing various communication and customer support services through different communication channels. Contact centers play a crucial role in establishing and maintaining interactions between an organization and its users, providing support, information, or issue resolution.<\/p><p>The main mission of Dekada komunikacije doo is to provide quality customer support to our clients and to be a link between our clients and their users. Our commitment is to take into account all the needs of the client and at the same time provide high-quality contact center services that meet or exceed their expectations, preventing negative environmental impacts with long-term environmental and economic sustainability of our business. The quality and environmental management system is extremely important for the Company&#039;s operations, and the responsibility for the implementation and improvement of the integrated management system lies with all employees of the Company.<\/p><p>Our quality and environmental policy encompasses the following key principles:<\/p><p><strong>Operational Excellence<\/strong><\/p><ul><li>We are committed to providing a service that reflects our high quality standards.<\/li><li>We work to provide faster, more efficient and professional support to our clients.<\/li><li>We continuously seek feedback to improve the quality of service.<\/li><li>We provide the necessary information and resources to achieve the set goals.<\/li><\/ul><p><br \/><strong>Timely Response<\/strong><\/p><ul><li>All inquiries, requests, and complaints from end users are handled promptly and efficiently.<\/li><li>Our aim is to ensure quick resolution of issues and customer satisfaction.<\/li><\/ul><p><br \/><strong>High Service Quality<\/strong><\/p><ul><li>We ensure consistent service quality through careful management of all interactions with customers.<\/li><li>All our agents are educated and trained to provide professional support and handle various situations.<\/li><\/ul><p><br \/><strong>Continuous Improvement<\/strong><\/p><ul><li>We regularly analyze the performance of our contact center to identify areas for improvement.<\/li><li>We implement measures for continuous improvement of service quality and process efficiency.<\/li><\/ul><p><br \/><strong>Information Security<\/strong><\/p><ul><li>We protect the confidentiality of customer and client information and ensure secure handling of their data.<\/li><li>All information is processed in accordance with relevant data protection laws and regulations.<\/li><\/ul><p><br \/><strong>Compliance with legal regulations<\/strong><\/p><ul><li>We respect all relevant regulations and standards in the telecommunications industry and in the field of environmental protection and waste management<\/li><li>We ensure that our procedures comply with the requirements of ISO 9001:2015 and ISO 14001:2015.<\/li><\/ul><p><br \/><strong>Employee Engagement<\/strong><\/p><ul><li>We encourage teamwork and continuous education of our employees.<\/li><li>We ensure that our employees are motivated to provide the best possible support to customers.<\/li><li>Continuous education and awareness raising of employees and other stakeholders about the needs and desires of customers and environmental protection.<\/li><\/ul><p><br \/><strong>Environmental protection system management<\/strong><\/p><ul><li>creating and maintaining an effective environmental protection system,<\/li><li>avoiding or reducing additional burden on the environment and the occurrence of damages by applying preventive activities,<\/li><li>continuously improving our energy and environmental efficiency,<\/li><li>continuous reduction of total energy costs<\/li><li>training our employees at all organizational levels in order to achieve and maintain awareness of their contribution to improving energy efficiency, protecting and preserving individual components of the environment,<\/li><li>continuous improvement of the environmental management system through performance improvement.<\/li><\/ul><p><br \/>This Policy represents a framework for setting goals in the Integrated Management System and plans for which the necessary information and implementation mechanisms will be provided.<\/p><p>We will implement this Policy by meeting the requirements of the international standards ISO 9001:2015 and ISO 14001:2015.<\/p><p>Dario \u0110ani\u0107, CEO<br \/>Dekada komunikacije d.o.o.<\/p>\t\t\t\t\t\t\t\t<\/div>\n\t\t\t\t<\/div>\n\t\t\t\t\t<\/div>\n\t\t<\/div>\n\t\t\t\t\t<\/div>\n\t\t<\/section>\n\t\t\t\t<\/div>","protected":false},"excerpt":{"rendered":"<p>Djelatnost kontaktnog centra obuhva\u0107a pru\u017eanje razli\u010ditih usluga komunikacije i podr\u0161ke korisnicima putem razli\u010ditih kanala komunikacije. Kontaktni centri igraju klju\u010dnu ulogu u uspostavljanju i odr\u017eavanju interakcija izme\u0111u organizacije i korisnika, pru\u017eaju\u0107i podr\u0161ku, informacije ili rje\u0161avanje problema Osnovna misija tvrtke Dekada komunikacije d.o.o. je pru\u017eiti kvalitetnu korisni\u010dku podr\u0161ku na\u0161im klijentima i biti spona izme\u0111u na\u0161ih klijenata i [&hellip;]<\/p>\n","protected":false},"author":1,"featured_media":0,"parent":33,"menu_order":1,"comment_status":"closed","ping_status":"closed","template":"","meta":{"footnotes":""},"class_list":["post-2868","page","type-page","status-publish","hentry"],"_links":{"self":[{"href":"https:\/\/staging.dekada.hr\/en\/wp-json\/wp\/v2\/pages\/2868","targetHints":{"allow":["GET"]}}],"collection":[{"href":"https:\/\/staging.dekada.hr\/en\/wp-json\/wp\/v2\/pages"}],"about":[{"href":"https:\/\/staging.dekada.hr\/en\/wp-json\/wp\/v2\/types\/page"}],"author":[{"embeddable":true,"href":"https:\/\/staging.dekada.hr\/en\/wp-json\/wp\/v2\/users\/1"}],"replies":[{"embeddable":true,"href":"https:\/\/staging.dekada.hr\/en\/wp-json\/wp\/v2\/comments?post=2868"}],"version-history":[{"count":0,"href":"https:\/\/staging.dekada.hr\/en\/wp-json\/wp\/v2\/pages\/2868\/revisions"}],"up":[{"embeddable":true,"href":"https:\/\/staging.dekada.hr\/en\/wp-json\/wp\/v2\/pages\/33"}],"wp:attachment":[{"href":"https:\/\/staging.dekada.hr\/en\/wp-json\/wp\/v2\/media?parent=2868"}],"curies":[{"name":"wp","href":"https:\/\/api.w.org\/{rel}","templated":true}]}}