{"id":2877,"date":"2024-05-08T10:08:27","date_gmt":"2024-05-08T08:08:27","guid":{"rendered":"https:\/\/staging.dekada.hr\/?page_id=2877"},"modified":"2024-12-17T10:56:27","modified_gmt":"2024-12-17T09:56:27","slug":"directors-word","status":"publish","type":"page","link":"https:\/\/staging.dekada.hr\/en\/o-nama-za-partnere\/rijec-direktora\/","title":{"rendered":"Word of the Director"},"content":{"rendered":"<div data-elementor-type=\"wp-page\" data-elementor-id=\"2877\" class=\"elementor elementor-2877\" data-elementor-post-type=\"page\">\n\t\t\t\t\t\t<section class=\"elementor-section elementor-top-section elementor-element elementor-element-94ac024 elementor-section-boxed elementor-section-height-default elementor-section-height-default\" data-id=\"94ac024\" data-element_type=\"section\" data-e-type=\"section\">\n\t\t\t\t\t\t<div class=\"elementor-container elementor-column-gap-default\">\n\t\t\t\t\t<div class=\"elementor-column elementor-col-100 elementor-top-column elementor-element elementor-element-936c692\" data-id=\"936c692\" data-element_type=\"column\" data-e-type=\"column\">\n\t\t\t<div class=\"elementor-widget-wrap elementor-element-populated\">\n\t\t\t\t\t\t<div class=\"elementor-element elementor-element-4e32a51 elementor-widget elementor-widget-testimonial\" data-id=\"4e32a51\" data-element_type=\"widget\" data-e-type=\"widget\" data-widget_type=\"testimonial.default\">\n\t\t\t\t<div class=\"elementor-widget-container\">\n\t\t\t\t\t\t\t<div class=\"elementor-testimonial-wrapper\">\n\t\t\t\t\t\t\t<div class=\"elementor-testimonial-content\">Nalazite se u prostorijama gdje je dobra volja i pozitivan stav prema \u017eivotu i poslu, osnovna filozofija tvrtke.\n\nPrvi me\u0111u jednakima \u2013 na\u0161 je moto kako bi se zaposlenici osje\u0107ali ugodno na svom radnom mjestu, pru\u017eaju\u0107i im obiteljski odnos.\n\nSvakim danom, sve vi\u0161e poku\u0161avamo na\u0161im klijentima dati maksimalnu kvalitetu i visoki stupanj profesionalnosti.\n\nKroz kontinuirano pra\u0107enje tr\u017ei\u0161ta i metoda, te sjajan tim koji \u010dini Dekadu Komunikacije nastojimo posti\u0107i da budemo sinonim za izvrsnog, kvalitetnog te ponajvi\u0161e pouzdanog partnera u poslovanju.\n\nZato, dobro do\u0161li u Dekadu Komunikacije.<\/div>\n\t\t\t\n\t\t\t\t\t\t<div class=\"elementor-testimonial-meta elementor-has-image elementor-testimonial-image-position-top\">\n\t\t\t\t<div class=\"elementor-testimonial-meta-inner\">\n\t\t\t\t\t\t\t\t\t\t\t<div class=\"elementor-testimonial-image\">\n\t\t\t\t\t\t\t<a href=\"https:\/\/hr.linkedin.com\/in\/dario-%C4%91ani%C4%87-468067190\"><img fetchpriority=\"high\" decoding=\"async\" width=\"500\" height=\"500\" src=\"https:\/\/staging.dekada.hr\/wp-content\/uploads\/2024\/05\/Dario-Danic-direktor-DEKADA-KOMUNIKACIJE.jpg\" class=\"attachment-full size-full wp-image-2880\" alt=\"Dario \u0110ani\u0107, director of DEKADA KOMUNIKACIJE\" srcset=\"https:\/\/staging.dekada.hr\/wp-content\/uploads\/2024\/05\/Dario-Danic-direktor-DEKADA-KOMUNIKACIJE.jpg 500w, https:\/\/staging.dekada.hr\/wp-content\/uploads\/2024\/05\/Dario-Danic-direktor-DEKADA-KOMUNIKACIJE-300x300.jpg 300w, https:\/\/staging.dekada.hr\/wp-content\/uploads\/2024\/05\/Dario-Danic-direktor-DEKADA-KOMUNIKACIJE-150x150.jpg 150w, https:\/\/staging.dekada.hr\/wp-content\/uploads\/2024\/05\/Dario-Danic-direktor-DEKADA-KOMUNIKACIJE-12x12.jpg 12w\" sizes=\"(max-width: 500px) 100vw, 500px\" \/><\/a>\t\t\t\t\t\t<\/div>\n\t\t\t\t\t\n\t\t\t\t\t\t\t\t\t\t<div class=\"elementor-testimonial-details\">\n\t\t\t\t\t\t\t\t\t\t\t\t\t\t<a class=\"elementor-testimonial-name\" href=\"https:\/\/hr.linkedin.com\/in\/dario-%C4%91ani%C4%87-468067190\">Dario \u0110ani\u0107, mag.<\/a>\n\t\t\t\t\t\t\t\t\t\t\t\t\t\t\t\t\t\t\t\t\t\t<a class=\"elementor-testimonial-job\" href=\"https:\/\/hr.linkedin.com\/in\/dario-%C4%91ani%C4%87-468067190\">CEO &amp; Founder<\/a>\n\t\t\t\t\t\t\t\t\t\t\t\t\t<\/div>\n\t\t\t\t\t\t\t\t\t<\/div>\n\t\t\t<\/div>\n\t\t\t\t\t<\/div>\n\t\t\t\t\t\t<\/div>\n\t\t\t\t<\/div>\n\t\t\t\t\t<\/div>\n\t\t<\/div>\n\t\t\t\t\t<\/div>\n\t\t<\/section>\n\t\t\t\t<\/div>","protected":false},"excerpt":{"rendered":"<p>Nalazite se u prostorijama gdje je dobra volja i pozitivan stav prema \u017eivotu i poslu, osnovna filozofija tvrtke. Prvi me\u0111u jednakima \u2013 na\u0161 je moto kako bi se zaposlenici osje\u0107ali ugodno na svom radnom mjestu, pru\u017eaju\u0107i im obiteljski odnos. Svakim danom, sve vi\u0161e poku\u0161avamo na\u0161im klijentima dati maksimalnu kvalitetu i visoki stupanj profesionalnosti. Kroz kontinuirano [&hellip;]<\/p>\n","protected":false},"author":1,"featured_media":0,"parent":33,"menu_order":3,"comment_status":"closed","ping_status":"closed","template":"","meta":{"footnotes":""},"class_list":["post-2877","page","type-page","status-publish","hentry"],"_links":{"self":[{"href":"https:\/\/staging.dekada.hr\/en\/wp-json\/wp\/v2\/pages\/2877","targetHints":{"allow":["GET"]}}],"collection":[{"href":"https:\/\/staging.dekada.hr\/en\/wp-json\/wp\/v2\/pages"}],"about":[{"href":"https:\/\/staging.dekada.hr\/en\/wp-json\/wp\/v2\/types\/page"}],"author":[{"embeddable":true,"href":"https:\/\/staging.dekada.hr\/en\/wp-json\/wp\/v2\/users\/1"}],"replies":[{"embeddable":true,"href":"https:\/\/staging.dekada.hr\/en\/wp-json\/wp\/v2\/comments?post=2877"}],"version-history":[{"count":0,"href":"https:\/\/staging.dekada.hr\/en\/wp-json\/wp\/v2\/pages\/2877\/revisions"}],"up":[{"embeddable":true,"href":"https:\/\/staging.dekada.hr\/en\/wp-json\/wp\/v2\/pages\/33"}],"wp:attachment":[{"href":"https:\/\/staging.dekada.hr\/en\/wp-json\/wp\/v2\/media?parent=2877"}],"curies":[{"name":"wp","href":"https:\/\/api.w.org\/{rel}","templated":true}]}}